{"id":210,"date":"2018-09-03T10:06:16","date_gmt":"2018-09-03T10:06:16","guid":{"rendered":"http:\/\/youngsolutions.es\/?page_id=210"},"modified":"2018-09-03T10:06:16","modified_gmt":"2018-09-03T10:06:16","slug":"210-2","status":"publish","type":"page","link":"https:\/\/youngsolutions.es\/index.php\/210-2\/","title":{"rendered":"OFERTA CERTIFICADOS DE PROFESIONALIDAD"},"content":{"rendered":"<div class=\"wpb-content-wrapper\">[vc_section full_width=&#8221;yes&#8221; content_placement=&#8221;middle&#8221; wn_class=&#8221;wn-section-5a5cdfc9cbe6a&#8221; css=&#8221;.vc_custom_1535972164891{background-color: #ffffff !important;}&#8221;][vc_row wn_class=&#8221;wn-row-5acb04253f32b&#8221;][vc_column width=&#8221;1\/2&#8243; wn_class=&#8221;wn-column-5a5cf9fb7c92d&#8221;][vc_single_image image=&#8221;211&#8243; img_size=&#8221;full&#8221; css_animation=&#8221;slideInLeft&#8221;][\/vc_column][vc_column width=&#8221;1\/2&#8243; wn_class=&#8221;wn-column-5a87dfea2c9d1&#8243; css=&#8221;.vc_custom_1518854422347{padding-left: 10% !important;background-color: #ffffff !important;}&#8221;]<div class=\"wn-distance-50 wn-distance-mob-inherit\"><\/div>\n\t\t\t<div class=\"wn-deep-title-wrap wn-layer-anim-right  \"    data-id=\"1\">\n\t\t\t\t<div class=\"wn-deep-title\">\n\t\t\t\t\t<span class=\"wn-deep-title-shape after shape-coutn-0\"><\/span><h6 class=\"  wn-deep-innertitle\">OFERTA YOUNG SOLUTIONS<\/h6><h1 class=\"  wn-deep-subtitle\">CERTIFICADOS DE<br \/>\nPROFESIONALIDAD<\/h1>\n\t\t\t\t<\/div>\n\t\t\t<\/div>[vc_column_text css_animation=&#8221;slideInUp&#8221; el_class=&#8221;insurance-slider-p&#8221;]Somos centro de formaci\u00f3n l\u00edder del sector para la obtenci\u00f3n del Certificado de Profesionalidad. Te ayudamos a obtener tu certificado de profesionalidad gracias a la FP Dual del Contrato de Formaci\u00f3n y Aprendizaje o a trav\u00e9s de car\u00e1cter privado.[\/vc_column_text]<div class=\"wn-distance-50 wn-distance-mob-50\"><\/div>[\/vc_column][\/vc_row][\/vc_section][vc_section wn_parallax=&#8221;content-moving&#8221; wn_parallax_speed=&#8221;190&#8243; wn_class=&#8221;wn-section-5b8d14df6332e&#8221; css=&#8221;.vc_custom_1535972866949{background-image: url(http:\/\/youngsolutions.es\/wp-content\/uploads\/2018\/09\/dp-blx02.jpg?id=221) !important;}&#8221;][vc_row][vc_column]<div class=\"wn-distance-50 wn-distance-mob-50\"><\/div>\n\t\t\t<div class=\"wn-deep-title-wrap   \"    data-id=\"2\">\n\t\t\t\t<div class=\"wn-deep-title\">\n\t\t\t\t\t<span class=\"wn-deep-title-shape after shape-coutn-0\"><\/span><h1 class=\"  wn-deep-innertitle\">\u00bfQUE TE OFRECEMOS?<\/h1>\n\t\t\t\t<\/div>\n\t\t\t<\/div>[vc_row_inner layer_animation=&#8221;wn-layer-anim-bottom&#8221;][vc_column_inner width=&#8221;1\/3&#8243;]<article class=\"wn-icon-box icon-box-id-1 icon-box4 tlp    \"  ><i class=\"wn-icon-1 icon-basic-book-pencil  \"><\/i><h4 class=\"title-style\">CERTIFICADOS DISPONIBLES<\/h4><p class=\"content-style\">Te traemos los certificados m\u00e1s demandados.<\/p><\/article><div class=\"wn-distance-40 wn-distance-mob-20\"><\/div>[\/vc_column_inner][vc_column_inner width=&#8221;1\/3&#8243;]<article class=\"wn-icon-box icon-box-id-2 icon-box4 tlp    \"  ><i class=\"wn-icon-2 icon-basic-globe  \"><\/i><h4 class=\"title-style\">PLATAFORMA PERSONALIZADA<\/h4><p class=\"content-style\">Disfruta de una plataforma privada e intuitiva.<\/p><\/article><div class=\"wn-distance-40 wn-distance-mob-20\"><\/div>[\/vc_column_inner][vc_column_inner width=&#8221;1\/3&#8243;]<article class=\"wn-icon-box icon-box-id-3 icon-box4 tlp    \"  ><i class=\"wn-icon-3 icon-basic-clockwise  \"><\/i><h4 class=\"title-style\">OFERTA IRRECHAZABLE<\/h4><p class=\"content-style\">Aprovecha nuestra gran oferta por tiempo limitado.<\/p><\/article><div class=\"wn-distance-40 wn-distance-mob-20\"><\/div>[\/vc_column_inner][\/vc_row_inner]<div class=\"wn-distance-100 wn-distance-mob-40\"><\/div>[\/vc_column][\/vc_row][\/vc_section][vc_section wn_class=&#8221;wn-section-5a755ab27cc15&#8243; css=&#8221;.vc_custom_1517729735148{background: #ffffff url(http:\/\/deeptem.com\/real-estate\/wp-content\/uploads\/2018\/02\/dp-re-abt-bg1.png?id=12053) !important;}&#8221;][vc_row wn_class=&#8221;wn-row-5ac9f30b99a81&#8243;][vc_column wn_class=&#8221;wn-column-5a75745384158&#8243;]<div class=\"wn-distance-40 wn-distance-mob-20\"><\/div>[\/vc_column][\/vc_row][vc_row wn_class=&#8221;wn-row-5a72cde5e4c69&#8243;][vc_column width=&#8221;1\/12&#8243; wn_class=&#8221;wn-column-5a72cd4780726&#8243; css=&#8221;.vc_custom_1517656384454{background-color: #f7f7f6 !important;}&#8221;][\/vc_column][vc_column width=&#8221;5\/12&#8243; wn_class=&#8221;wn-column-5a819b788f8e2&#8243; css=&#8221;.vc_custom_1518509517515{padding-right: 10% !important;padding-left: 0px !important;}&#8221;]\n\t\t\t<div class=\"wn-deep-title-wrap   \"    data-id=\"3\">\n\t\t\t\t<div class=\"wn-deep-title\">\n\t\t\t\t\t<span class=\"wn-deep-title-shape after shape-coutn-0\"><\/span><h3 class=\"  wn-deep-innertitle\">Postgrados Disponibles<\/h3>\n\t\t\t\t<\/div>\n\t\t\t<\/div><div class=\"wn-distance-50 wn-distance-mob-0\"><\/div>\n\t\t\t<div class=\"wn-deep-title-wrap   \"    data-id=\"4\">\n\t\t\t\t<div class=\"wn-deep-title\">\n\t\t\t\t\t<span class=\"wn-deep-title-shape after shape-coutn-0\"><\/span><h5 class=\"  wn-deep-innertitle\">Te traemos una oferta con los 6 Certificados m\u00e1s demandados:<\/h5>\n\t\t\t\t<\/div>\n\t\t\t<\/div>\n\t\t\t<div class=\"wn-deep-title-wrap   \"    data-id=\"5\">\n\t\t\t\t<div class=\"wn-deep-title\">\n\t\t\t\t\t<span class=\"wn-deep-title-shape after shape-coutn-0\"><\/span><h5 class=\"  wn-deep-innertitle\">GESTI\u00d3N CONTABLE Y GESTI\u00d3N ADMINISTRATIVA PARA AUDITORIA.<\/h5>\n\t\t\t\t<\/div>\n\t\t\t<\/div>\n\t\t\t<div class=\"wn-deep-title-wrap   \"    data-id=\"6\">\n\t\t\t\t<div class=\"wn-deep-title\">\n\t\t\t\t\t<span class=\"wn-deep-title-shape after shape-coutn-0\"><\/span><h5 class=\"  wn-deep-innertitle\">GESTI\u00d3N INTEGRADA DE RECURSOS HUMANOS<\/h5>\n\t\t\t\t<\/div>\n\t\t\t<\/div>\n\t\t\t<div class=\"wn-deep-title-wrap   \"    data-id=\"7\">\n\t\t\t\t<div class=\"wn-deep-title\">\n\t\t\t\t\t<span class=\"wn-deep-title-shape after shape-coutn-0\"><\/span><h5 class=\"  wn-deep-innertitle\">DOCENCIA DE LA FORMACI\u00d3N PROFESIONAL PARA EL EMPLEO<\/h5>\n\t\t\t\t<\/div>\n\t\t\t<\/div>\n\t\t\t<div class=\"wn-deep-title-wrap   \"    data-id=\"8\">\n\t\t\t\t<div class=\"wn-deep-title\">\n\t\t\t\t\t<span class=\"wn-deep-title-shape after shape-coutn-0\"><\/span><h5 class=\"  wn-deep-innertitle\">ASISTENCIA EN LA GESTI\u00d3N DE LOS PROCEDIMIENTOS TRIBUTARIOS<\/h5>\n\t\t\t\t<\/div>\n\t\t\t<\/div>\n\t\t\t<div class=\"wn-deep-title-wrap   \"    data-id=\"9\">\n\t\t\t\t<div class=\"wn-deep-title\">\n\t\t\t\t\t<span class=\"wn-deep-title-shape after shape-coutn-0\"><\/span><h5 class=\"  wn-deep-innertitle\">ACTIVIDADES ADMINISTRATIVAS EN LA RELACI\u00d3N CON EL CLIENTE<\/h5>\n\t\t\t\t<\/div>\n\t\t\t<\/div>\n\t\t\t<div class=\"wn-deep-title-wrap   \"    data-id=\"10\">\n\t\t\t\t<div class=\"wn-deep-title\">\n\t\t\t\t\t<span class=\"wn-deep-title-shape after shape-coutn-0\"><\/span><h5 class=\"  wn-deep-innertitle\">ACTIVIDADES DE VENTA<\/h5>\n\t\t\t\t<\/div>\n\t\t\t<\/div>\n\t\t\t<div class=\"wn-deep-title-wrap   \"    data-id=\"11\">\n\t\t\t\t<div class=\"wn-deep-title\">\n\t\t\t\t\t<span class=\"wn-deep-title-shape after shape-coutn-0\"><\/span><h5 class=\"  wn-deep-innertitle\">DINAMIZACI\u00d3N DE ACTIVIDADES DE TIEMPO LIBRE EDUCATIVO INFANTIL Y JUVENIL<\/h5>\n\t\t\t\t<\/div>\n\t\t\t<\/div><div class=\"wn-distance-50 wn-distance-mob-0\"><\/div>[\/vc_column][vc_column width=&#8221;6\/12&#8243; wn_class=&#8221;wn-column-5a893d943af25&#8243; css=&#8221;.vc_custom_1518943732007{margin-top: -12px !important;}&#8221;]<div class=\"wn-distance-40 wn-distance-mob-10\"><\/div>[vc_single_image image=&#8221;223&#8243; img_size=&#8221;full&#8221;]<div class=\"wn-distance-100 wn-distance-mob-0\"><\/div>[\/vc_column][\/vc_row][\/vc_section][vc_section wn_class=&#8221;wn-section-5a75bcd49f442&#8243; css=&#8221;.vc_custom_1517723867377{background-image: url(http:\/\/deeptem.com\/real-estate\/wp-content\/uploads\/2018\/02\/dp-re-abt-bg2.png?id=12094) !important;}&#8221;][vc_row wn_class=&#8221;wn-row-5a829e22b2251&#8243;][vc_column width=&#8221;6\/12&#8243; wn_class=&#8221;wn-column-5ac9f30b9985c&#8221;]<div class=\"wn-distance-70 wn-distance-mob-0\"><\/div>[vc_single_image image=&#8221;225&#8243; img_size=&#8221;large&#8221; css=&#8221;.vc_custom_1535976621744{padding-top: 5px !important;}&#8221;]<div class=\"wn-distance-20 wn-distance-mob-50\"><\/div>[\/vc_column][vc_column width=&#8221;1\/12&#8243; wn_class=&#8221;wn-column-5a76b13ad3435&#8243; css=&#8221;.vc_custom_1517728127770{margin-right: 0px !important;margin-left: 0px !important;}&#8221;][\/vc_column][vc_column width=&#8221;5\/12&#8243; wn_class=&#8221;wn-column-5a829e5dadba4&#8243; css=&#8221;.vc_custom_1518509665963{padding-left: 0px !important;}&#8221;]<div class=\"wn-distance-100 wn-distance-mob-40\"><\/div>\n\t\t\t<div class=\"wn-deep-title-wrap   \"    data-id=\"12\">\n\t\t\t\t<div class=\"wn-deep-title\">\n\t\t\t\t\t<h3 class=\"  wn-deep-innertitle\">Plataforma Privada<\/h3>\n\t\t\t\t<\/div>\n\t\t\t<\/div><div class=\"wn-distance-50 wn-distance-mob-0\"><\/div>\n\t\t\t<div class=\"wn-deep-title-wrap   \"    data-id=\"13\">\n\t\t\t\t<div class=\"wn-deep-title\">\n\t\t\t\t\t<span class=\"wn-deep-title-shape after shape-coutn-0\"><\/span><h5 class=\"  wn-deep-innertitle\">Nuestra plataforma privada es una plataforma de e-Learning totalmente homologada por el SEPE y que cuenta con todas las herramientas de \u00faltima generaci\u00f3n para el desarrollo de programas formativos avanzados online.<\/h5>\n\t\t\t\t<\/div>\n\t\t\t<\/div><div class=\"wn-distance-30 wn-distance-mob-80\"><\/div>[\/vc_column][\/vc_row][\/vc_section][vc_row][vc_column]<div class=\"wn-distance-50 wn-distance-mob-0\"><\/div>\n\t\t\t<div class=\"wn-deep-title-wrap   \"    data-id=\"14\">\n\t\t\t\t<div class=\"wn-deep-title\">\n\t\t\t\t\t<span class=\"wn-deep-title-shape after shape-coutn-0\"><\/span><h5 class=\"  wn-deep-innertitle\">DISFRUTA DE TU CERTIFICADO DE PROFESIONALIDAD ACREDITADO POR EL SEPE DESDE 600\u20ac. OFERTA DISPONIBLE HASTA EL 28 DE SEPTIEMBRE.<\/h5><h1 class=\"  wn-deep-subtitle\">Ponte en contacto con nosotros en el tel\u00e9fono (+34) 674 310 805 o a trav\u00e9s del formulario de la web.<\/h1>\n\t\t\t\t<\/div>\n\t\t\t<\/div><div class=\"wn-distance-20 wn-distance-mob-0\"><\/div><div class=\" ubtn-ctn-center \"><a class=\"ubtn-link ult-adjust-bottom-margin ubtn-center ubtn-large \" href=\"http:\/\/youngsolutions.es\/contacto\/\" ><button type=\"button\" id=\"ubtn-2270\"  class=\"ubtn ult-adjust-bottom-margin ult-responsive ubtn-large ubtn-right-bg  ulta-pop  ubtn-sep-icon ubtn-sep-icon-bottom-push  ubtn-center   tooltip-69f3714a37610\"  data-hover=\"#ffffff\" data-border-color=\"#ffffff\" data-bg=\"#1e73be\" data-hover-bg=\"#146391\" data-border-hover=\"#ffffff\" data-shadow-hover=\"\" data-shadow-click=\"none\" data-shadow=\"\" data-shd-shadow=\"\"  data-ultimate-target='#ubtn-2270'  data-responsive-json-new='{\"font-size\":\"desktop:15px;\",\"line-height\":\"\"}'  style=\"font-weight:bold;border-radius:12px;border-width:1px;border-color:#ffffff;border-style:solid;background: #1e73be;color: #ffffff;\"><span class=\"ubtn-data ubtn-icon\"><i class=\"Defaults-pencil-square\" style=\"font-size:30px;color:;\"><\/i><\/span><span class=\"ubtn-hover\" style=\"background-color:#146391\"><\/span><span class=\"ubtn-data ubtn-text \" >RELLENAR FORMULARIO<\/span><\/button><\/a><\/div>[\/vc_column][\/vc_row]\n<\/div>","protected":false},"excerpt":{"rendered":"<p>[vc_section full_width=&#8221;yes&#8221; content_placement=&#8221;middle&#8221; wn_class=&#8221;wn-section-5a5cdfc9cbe6a&#8221; css=&#8221;.vc_custom_1535972164891{background-color: #ffffff !important;}&#8221;][vc_row wn_class=&#8221;wn-row-5acb04253f32b&#8221;][vc_column width=&#8221;1\/2&#8243; wn_class=&#8221;wn-column-5a5cf9fb7c92d&#8221;][vc_single_image image=&#8221;211&#8243; img_size=&#8221;full&#8221; css_animation=&#8221;slideInLeft&#8221;][\/vc_column][vc_column width=&#8221;1\/2&#8243; wn_class=&#8221;wn-column-5a87dfea2c9d1&#8243; css=&#8221;.vc_custom_1518854422347{padding-left: 10% !important;background-color: #ffffff !important;}&#8221;][vc_column_text css_animation=&#8221;slideInUp&#8221; el_class=&#8221;insurance-slider-p&#8221;]Somos centro de formaci\u00f3n l\u00edder del sector para la obtenci\u00f3n del Certificado de Profesionalidad. Te ayudamos a obtener tu certificado de profesionalidad gracias a la FP Dual del Contrato de Formaci\u00f3n y Aprendizaje o a trav\u00e9s de car\u00e1cter privado.[\/vc_column_text][\/vc_column][\/vc_row][\/vc_section][vc_section wn_parallax=&#8221;content-moving&#8221; wn_parallax_speed=&#8221;190&#8243; wn_class=&#8221;wn-section-5b8d14df6332e&#8221; css=&#8221;.vc_custom_1535972866949{background-image: url(http:\/\/youngsolutions.es\/wp-content\/uploads\/2018\/09\/dp-blx02.jpg?id=221) !important;}&#8221;][vc_row][vc_column][vc_row_inner layer_animation=&#8221;wn-layer-anim-bottom&#8221;][vc_column_inner width=&#8221;1\/3&#8243;][\/vc_column_inner][vc_column_inner width=&#8221;1\/3&#8243;][\/vc_column_inner][vc_column_inner width=&#8221;1\/3&#8243;][\/vc_column_inner][\/vc_row_inner][\/vc_column][\/vc_row][\/vc_section][vc_section wn_class=&#8221;wn-section-5a755ab27cc15&#8243; css=&#8221;.vc_custom_1517729735148{background: #ffffff url(http:\/\/deeptem.com\/real-estate\/wp-content\/uploads\/2018\/02\/dp-re-abt-bg1.png?id=12053) !important;}&#8221;][vc_row wn_class=&#8221;wn-row-5ac9f30b99a81&#8243;][vc_column wn_class=&#8221;wn-column-5a75745384158&#8243;][\/vc_column][\/vc_row][vc_row wn_class=&#8221;wn-row-5a72cde5e4c69&#8243;][vc_column width=&#8221;1\/12&#8243; wn_class=&#8221;wn-column-5a72cd4780726&#8243; css=&#8221;.vc_custom_1517656384454{background-color: #f7f7f6 !important;}&#8221;][\/vc_column][vc_column width=&#8221;5\/12&#8243; wn_class=&#8221;wn-column-5a819b788f8e2&#8243; css=&#8221;.vc_custom_1518509517515{padding-right: 10% !important;padding-left: 0px !important;}&#8221;][\/vc_column][vc_column width=&#8221;6\/12&#8243; wn_class=&#8221;wn-column-5a893d943af25&#8243; css=&#8221;.vc_custom_1518943732007{margin-top: -12px !important;}&#8221;][vc_single_image image=&#8221;223&#8243; img_size=&#8221;full&#8221;][\/vc_column][\/vc_row][\/vc_section][vc_section wn_class=&#8221;wn-section-5a75bcd49f442&#8243; css=&#8221;.vc_custom_1517723867377{background-image: url(http:\/\/deeptem.com\/real-estate\/wp-content\/uploads\/2018\/02\/dp-re-abt-bg2.png?id=12094) !important;}&#8221;][vc_row wn_class=&#8221;wn-row-5a829e22b2251&#8243;][vc_column width=&#8221;6\/12&#8243; wn_class=&#8221;wn-column-5ac9f30b9985c&#8221;][vc_single_image image=&#8221;225&#8243; img_size=&#8221;large&#8221; css=&#8221;.vc_custom_1535976621744{padding-top: 5px !important;}&#8221;][\/vc_column][vc_column width=&#8221;1\/12&#8243; wn_class=&#8221;wn-column-5a76b13ad3435&#8243; css=&#8221;.vc_custom_1517728127770{margin-right: 0px !important;margin-left: 0px !important;}&#8221;][\/vc_column][vc_column width=&#8221;5\/12&#8243; wn_class=&#8221;wn-column-5a829e5dadba4&#8243; css=&#8221;.vc_custom_1518509665963{padding-left: 0px !important;}&#8221;][\/vc_column][\/vc_row][\/vc_section][vc_row][vc_column][\/vc_column][\/vc_row]<\/p>\n","protected":false},"author":1,"featured_media":0,"parent":0,"menu_order":0,"comment_status":"closed","ping_status":"closed","template":"","meta":{"footnotes":""},"class_list":["post-210","page","type-page","status-publish","hentry"],"_links":{"self":[{"href":"https:\/\/youngsolutions.es\/index.php\/wp-json\/wp\/v2\/pages\/210","targetHints":{"allow":["GET"]}}],"collection":[{"href":"https:\/\/youngsolutions.es\/index.php\/wp-json\/wp\/v2\/pages"}],"about":[{"href":"https:\/\/youngsolutions.es\/index.php\/wp-json\/wp\/v2\/types\/page"}],"author":[{"embeddable":true,"href":"https:\/\/youngsolutions.es\/index.php\/wp-json\/wp\/v2\/users\/1"}],"replies":[{"embeddable":true,"href":"https:\/\/youngsolutions.es\/index.php\/wp-json\/wp\/v2\/comments?post=210"}],"version-history":[{"count":1,"href":"https:\/\/youngsolutions.es\/index.php\/wp-json\/wp\/v2\/pages\/210\/revisions"}],"predecessor-version":[{"id":1627,"href":"https:\/\/youngsolutions.es\/index.php\/wp-json\/wp\/v2\/pages\/210\/revisions\/1627"}],"wp:attachment":[{"href":"https:\/\/youngsolutions.es\/index.php\/wp-json\/wp\/v2\/media?parent=210"}],"curies":[{"name":"wp","href":"https:\/\/api.w.org\/{rel}","templated":true}]}}