{"id":36,"date":"2018-08-03T12:09:45","date_gmt":"2018-08-03T12:09:45","guid":{"rendered":"http:\/\/youngsolutions.es\/?page_id=36"},"modified":"2023-11-29T12:36:34","modified_gmt":"2023-11-29T11:36:34","slug":"como-tramitar-un-contrato-de-formacion","status":"publish","type":"page","link":"https:\/\/youngsolutions.es\/index.php\/como-tramitar-un-contrato-de-formacion\/","title":{"rendered":"\u00bfC\u00f3mo tramitar un Contrato de Formaci\u00f3n?"},"content":{"rendered":"<div class=\"wpb-content-wrapper\">[vc_row][vc_column width=&#8221;1\/2&#8243;]<div class=\"wn-distance-40 wn-distance-mob-inherit\"><\/div>[vc_column_text css_animation=&#8221;bounceInLeft&#8221;]\n<p style=\"text-align: justify;\">Desde 2016\u00a0<strong>la formaci\u00f3n del contrato para la formaci\u00f3n<\/strong>\u00a0y el aprendizaje s\u00f3lo puede realizarse en modalidad presencial o de teleformaci\u00f3n, y est\u00e1 ajustada a certificado de profesionalidad.<\/p>\n<p style=\"text-align: justify;\">Por ello, antes de formalizar un contrato deber\u00e1\u00a0<strong>comprobarse que existe una actividad formativa\u00a0<\/strong>relacionada con el puesto de trabajo que se corresponda con un certificado de profesionalidad, y que la persona a contratar cumpla con los requisitos de acceso seg\u00fan el nivel de cada certificado.<\/p>\n<p style=\"text-align: justify;\">Otra novedad importante del contrato de formaci\u00f3n desde 2016 es la\u00a0<strong>Autorizaci\u00f3n de inicio de la actividad formativa<\/strong>, que debe solicitarse al Servicio P\u00fablico de Empleo competente con un mes de antelaci\u00f3n a la fecha prevista de inicio de la contrataci\u00f3n.<\/p>\n<p style=\"text-align: justify;\">Sin esta autorizaci\u00f3n no se puede dar de alta el contrato en la Seguridad Social ni en el SEPE, por lo que este nuevo tr\u00e1mite resulta imprescindible para la empresa.<\/p>\n<p style=\"text-align: justify;\">El Servicio P\u00fablico de Empleo tiene\u00a0<strong>un mes de plazo<\/strong>\u00a0para conceder la Autorizaci\u00f3n de inicio de la actividad formativa. En ese momento podr\u00e1 tramitarse el alta en la Seguridad Social y el SEPE.<\/p>\n[\/vc_column_text][\/vc_column][vc_column width=&#8221;1\/2&#8243;][vc_single_image image=&#8221;1591&#8243; img_size=&#8221;600PXX600PX&#8221; css_animation=&#8221;right-to-left&#8221;][\/vc_column][\/vc_row][vc_section full_width=&#8221;yes&#8221; bg_cover=&#8221;&#8221; responsive_bg_none=&#8221;respo-bg-none&#8221; wn_class=&#8221;wn-section-5aa783bd1308b&#8221; el_class=&#8221;second-section-brief&#8221;][vc_row wn_class=&#8221;wn-row-5aca04142c354&#8243;][vc_column wn_class=&#8221;wn-column-5aca04142c170&#8243;]<div class=\"wn-distance-50 wn-distance-mob-0\"><\/div>[\/vc_column][\/vc_row][vc_row equal_height=&#8221;yes&#8221; wn_bg_image=&#8221;54&#8243; bg_position=&#8221;center top&#8221; bg_cover=&#8221;&#8221; css_animation=&#8221;appear&#8221; wn_class=&#8221;wn-row-5aa7869f24dc8&#8243; wn_bg_color=&#8221;#f4f4f4&#8243;][vc_column width=&#8221;1\/12&#8243; wn_class=&#8221;wn-column-5aca04142c170&#8243;][\/vc_column][vc_column width=&#8221;5\/12&#8243; wn_class=&#8221;wn-column-5aa7855e7e7b5&#8243; css=&#8221;.vc_custom_1533631165639{margin-top: 20px !important;padding-right: 10% !important;}&#8221; el_class=&#8221;wn-padding-responsive&#8221;][vc_single_image image=&#8221;1592&#8243; img_size=&#8221;500PXX500PX&#8221; alignment=&#8221;center&#8221; css_animation=&#8221;left-to-right&#8221; enable_animation_pro=&#8221;true&#8221; vertical_movement=&#8221;50px&#8221;]<div class=\"wn-distance-20 wn-distance-mob-20\"><\/div>[\/vc_column][vc_column width=&#8221;6\/12&#8243; wn_class=&#8221;wn-column-5aa78d99db6be&#8221; css=&#8221;.vc_custom_1520930214604{margin-top: -65px !important;}&#8221;]\n\t\t\t<div class=\"wn-deep-title-wrap   \"    data-id=\"1\">\n\t\t\t\t<div class=\"wn-deep-title\">\n\t\t\t\t\t<span class=\"wn-deep-title-shape after shape-coutn-0\"><\/span><h1 class=\"  wn-deep-innertitle\">\u00bfQUE NECESITO PARA DAR DE ALTA UN CONTRATO DE FORMACI\u00d3N?<\/h1>\n\t\t\t\t<\/div>\n\t\t\t<\/div><div class=\"wn-distance-50 wn-distance-mob-40\"><\/div>[vc_column_text css_animation=&#8221;appear&#8221; enable_animation_pro=&#8221;&#8221; css=&#8221;.vc_custom_1701256091428{background-color: #ffffff !important;background-position: center !important;background-repeat: no-repeat !important;background-size: contain !important;}&#8221;]<strong><a>La persona trabajadora aportar\u00e1 la siguiente documentaci\u00f3n:<\/a><\/strong>[\/vc_column_text]<div class=\"wn-distance-40 wn-distance-mob-50\"><\/div>[vc_column_text css_animation=&#8221;right-to-left&#8221; el_class=&#8221;mechani-home-text-with-icon&#8221; css=&#8221;.vc_custom_1701256461798{margin-right: 100px !important;}&#8221;]\n<p style=\"text-align: justify;\"><i class=\"wn-far wn-fa-check-circle colorf\"><\/i> Fotocopia del DNI.<br \/>\n<i class=\"wn-far wn-fa-check-circle colorf\"><\/i> N\u00famero de Seguridad Social.<br \/>\n<i class=\"wn-far wn-fa-check-circle colorf\"><\/i> Justificante de inscripci\u00f3n como demandante de empleo\u00a0en el Servicio P\u00fablico de Empleo correspondiente.<br \/>\n<i class=\"wn-far wn-fa-check-circle colorf\"><\/i> Vida laboral\u00a0(aconsejable), para comprobar que no ha tenido contrato indefinido en los 3 meses anteriores a la fecha de la contrataci\u00f3n y la empresa pueda bonificarse el 100%. Tambi\u00e9n es \u00fatil para confirmar que no ha estado contratado bajo la ocupaci\u00f3n que se quiere contratar anteriormente.<br \/>\n<i class=\"wn-far wn-fa-check-circle colorf\"><\/i> Titulaci\u00f3n requerida s\u00f3lo cuando el contrato corresponda a un certificado de profesionalidad de nivel 2 o 3, seg\u00fan los requisitos establecidos por la ley.<\/p>\n[\/vc_column_text]<div class=\"wn-distance-30 wn-distance-mob-100\"><\/div>[\/vc_column][\/vc_row][\/vc_section][vc_section full_width=&#8221;yes&#8221; content_placement=&#8221;middle&#8221; bg_position=&#8221;center top&#8221; bg_cover=&#8221;&#8221; css_animation=&#8221;appear&#8221; wn_class=&#8221;wn-section-5a9fd66675603&#8243; css=&#8221;.vc_custom_1701256768510{background: #0075b5 url(http:\/\/youngsolutions.es\/wp-content\/uploads\/2018\/08\/dp-cryp-blx03.jpg?id=135) !important;}&#8221; wn_section_height=&#8221;100&#215;1000&#8243;][vc_row wn_class=&#8221;wn-row-5acb4aced5c1e&#8221;][vc_column wn_class=&#8221;wn-column-5acb4aced59f9&#8243;]<div class=\"wn-distance-100 wn-distance-mob-inherit\"><\/div>\n\t\t\t<div class=\"wn-deep-title-wrap wn-layer-anim-bottom  \"    data-id=\"2\">\n\t\t\t\t<div class=\"wn-deep-title\">\n\t\t\t\t\t<span class=\"wn-deep-title-shape after shape-coutn-0\"><\/span><span class=\"wn-deep-title-shape after shape-coutn-1\"><\/span><h4 class=\"  wn-deep-innertitle\">PASOS A SEGUIR POR LA EMPRESA<\/h4>\n\t\t\t\t<\/div>\n\t\t\t<\/div><div class=\"wn-distance-60 wn-distance-mob-30\"><\/div>[\/vc_column][\/vc_row][vc_row gap=&#8221;1&#8243; row_pattern_color=&#8221;#a7b4cc&#8221; row_dark=&#8221;yes&#8221; wn_class=&#8221;wn-row-5a9fe2da2644d&#8221; bg_type=&#8221;bg_color&#8221; wn_bg_color=&#8221;#ffffff&#8221;][vc_column css_animation=&#8221;bottom-to-top&#8221; wn_class=&#8221;wn-column-5a9fe2da2621d&#8221; css=&#8221;.vc_custom_1701257301273{background-color: #0075b5 !important;}&#8221;]\n\t\t<div class=\"roadmap-wrap roadmap-wrap-1 \"  >\n\t\t\t<div class=\"roadmap-items\">\n\t\t\t\t\t<div class=\"roadmap-item roadmap-select\">\n\t\t\t\t\t\t<div class=\"roadmap-line\">\n\t\t\t\t\t\t\t<div class=\"text-wrap\">\n\t\t\t\t\t\t\t\t<h4> En la Tesorer\u00eda General de la Seguridad Social o Sistema Red<\/h4>\n\t\t\t\t\t\t\t\t<p>Solicitar el n\u00famero patronal de formaci\u00f3n (Modelo TA7). Para ello deber\u00eda de acompa\u00f1ar el n\u00famero de cuenta principal de la empresa (Modelo TA6), solicitud de mutuas de accidentes de trabajo y enfermedades profesionales (MATEP), DNI o CIF.<\/p>\n\t\t\t\t\t\t\t<\/div>\n\t\t\t\t\t\t<\/div>\n\t\t\t\t\t<\/div>\n\t\t\t\t\t<div class=\"roadmap-item roadmap-select\">\n\t\t\t\t\t\t<div class=\"roadmap-line\">\n\t\t\t\t\t\t\t<div class=\"text-wrap\">\n\t\t\t\t\t\t\t\t<h4>Documentaci\u00f3n a enviar a Young Solutions<\/h4>\n\t\t\t\t\t\t\t\t<p>Copia del Contrato de Formaci\u00f3n y el Aprendizaje (o en su caso, de la pr\u00f3rroga) una vez haya sido registrado en la Oficina de Empleo o a trav\u00e9s de Contrat@.\nAnexo I firmado por las partes, aunque haya sido comunicado a trav\u00e9s de Contrat@.\nDomiciliaci\u00f3n bancaria correctamente cumplimentada:\n\u00b7 Orden de domiciliaci\u00f3n de adeudo directo SEPA.\n\u00b7 Orden de domiciliaci\u00f3n de adeudo directo SEPA B2B.<\/p>\n\t\t\t\t\t\t\t<\/div>\n\t\t\t\t\t\t<\/div>\n\t\t\t\t\t<\/div>\n\t\t\t\t\t<div class=\"roadmap-item roadmap-select\">\n\t\t\t\t\t\t<div class=\"roadmap-line\">\n\t\t\t\t\t\t\t<div class=\"text-wrap\">\n\t\t\t\t\t\t\t\t<h4>En el Servicio P\u00fablico de Empleo de la Comunidad Aut\u00f3noma<\/h4>\n\t\t\t\t\t\t\t\t<p>Modelo del Contrato para la Formaci\u00f3n y el Aprendizaje (c\u00f3digo 421) o la pr\u00f3rroga del mismo. Este tr\u00e1mite se puede realizar enviando los datos a trav\u00e9s del servicio web Contrat@.\nAnexo I \u201cAcuerdo para la actividad formativa en un contrato para la formaci\u00f3n y el aprendizaje\", presentado por triplicado.<\/p>\n\t\t\t\t\t\t\t<\/div>\n\t\t\t\t\t\t<\/div>\n\t\t\t\t\t<\/div>\n\t\t\t<\/div>\n\t\t<\/div><div class=\"wn-distance-60 wn-distance-mob-30\"><\/div>[\/vc_column][\/vc_row][\/vc_section][vc_section wn_class=&#8221;wn-section-5acb02566afc5&#8243;][vc_row wn_class=&#8221;wn-row-5acb02566a8e8&#8243;][vc_column width=&#8221;1\/2&#8243; wn_class=&#8221;wn-column-5acb02566a6c1&#8243;]<div class=\"wn-distance-40 wn-distance-mob-inherit\"><\/div>[\/vc_column][vc_column width=&#8221;1\/2&#8243; wn_class=&#8221;wn-column-5acb02566a6c1&#8243;][\/vc_column][\/vc_row][vc_row wn_class=&#8221;wn-row-5acb02566a8e8&#8243;][vc_column wn_class=&#8221;wn-column-5a8acd316aaa6&#8243; css=&#8221;.vc_custom_1519046196806{padding-right: 4% !important;}&#8221;]\n\t\t\t<div class=\"wn-deep-title-wrap   \"    data-id=\"3\">\n\t\t\t\t<div class=\"wn-deep-title\">\n\t\t\t\t\t<span class=\"wn-deep-title-shape after shape-coutn-0\"><\/span><h6 class=\"  wn-deep-innertitle\">\u00a1CON YOUNG SOLUTIONS TODO ES M\u00c1S F\u00c1CIL!<\/h6>\n\t\t\t\t<\/div>\n\t\t\t<\/div><div class=\"wn-distance-20 wn-distance-mob-inherit\"><\/div>[vc_column_text css_animation=&#8221;none&#8221; enable_animation_pro=&#8221;&#8221; el_class=&#8221;about-content&#8221;]\n<p style=\"text-align: center;\">S\u00f3lo tiene que <strong>contactar con nuestro equip<\/strong>o y nos encargaremos de todo para tramitar sus contratos de formaci\u00f3n.<\/p>\n<p style=\"text-align: center;\">Ll\u00e1menos al <strong>91 186 06 80<\/strong>\u00a0 o d\u00e9jenos su n\u00famero en nuestro <a href=\"http:\/\/youngsolutions.es\/?page_id=51\" target=\"_blank\" rel=\"noopener\"><strong>formulario<\/strong><\/a> y nosotros nos pondremos en contacto con usted sin coste. Nuestros asesores resolver\u00e1n todas sus dudas y le ayudar\u00e1n paso a paso con sus gestiones.<\/p>\n[\/vc_column_text]<div class=\"wn-distance-30 wn-distance-mob-inherit\"><\/div>[\/vc_column][\/vc_row][\/vc_section]\n<\/div>","protected":false},"excerpt":{"rendered":"<p>[vc_row][vc_column width=&#8221;1\/2&#8243;][vc_column_text css_animation=&#8221;bounceInLeft&#8221;] Desde 2016\u00a0la formaci\u00f3n del contrato para la formaci\u00f3n\u00a0y el aprendizaje s\u00f3lo puede realizarse en modalidad presencial o de teleformaci\u00f3n, y est\u00e1 ajustada a certificado de profesionalidad. Por ello, antes de formalizar un contrato deber\u00e1\u00a0comprobarse que existe una actividad formativa\u00a0relacionada con el puesto de trabajo que se corresponda con un certificado de profesionalidad, y que la persona a contratar cumpla con los requisitos de acceso seg\u00fan el nivel de cada certificado. Otra novedad importante del contrato de formaci\u00f3n desde 2016 es la\u00a0Autorizaci\u00f3n de inicio de la actividad formativa, que debe solicitarse al Servicio P\u00fablico de Empleo competente con un mes de antelaci\u00f3n a la fecha prevista de inicio de la contrataci\u00f3n. Sin esta autorizaci\u00f3n no se puede dar de alta el contrato en la Seguridad Social ni en el SEPE, por lo que este nuevo tr\u00e1mite resulta imprescindible para la empresa. El Servicio P\u00fablico de Empleo tiene\u00a0un mes de plazo\u00a0para conceder la Autorizaci\u00f3n de inicio de la actividad formativa. En ese momento podr\u00e1 tramitarse el alta en la Seguridad Social y el SEPE. [\/vc_column_text][\/vc_column][vc_column width=&#8221;1\/2&#8243;][vc_single_image image=&#8221;1591&#8243; img_size=&#8221;600PXX600PX&#8221; css_animation=&#8221;right-to-left&#8221;][\/vc_column][\/vc_row][vc_section full_width=&#8221;yes&#8221; bg_cover=&#8221;&#8221; responsive_bg_none=&#8221;respo-bg-none&#8221; wn_class=&#8221;wn-section-5aa783bd1308b&#8221; el_class=&#8221;second-section-brief&#8221;][vc_row wn_class=&#8221;wn-row-5aca04142c354&#8243;][vc_column wn_class=&#8221;wn-column-5aca04142c170&#8243;][\/vc_column][\/vc_row][vc_row equal_height=&#8221;yes&#8221; wn_bg_image=&#8221;54&#8243; bg_position=&#8221;center top&#8221; bg_cover=&#8221;&#8221; css_animation=&#8221;appear&#8221; wn_class=&#8221;wn-row-5aa7869f24dc8&#8243; wn_bg_color=&#8221;#f4f4f4&#8243;][vc_column width=&#8221;1\/12&#8243; wn_class=&#8221;wn-column-5aca04142c170&#8243;][\/vc_column][vc_column width=&#8221;5\/12&#8243; wn_class=&#8221;wn-column-5aa7855e7e7b5&#8243; css=&#8221;.vc_custom_1533631165639{margin-top: 20px !important;padding-right: 10% !important;}&#8221; el_class=&#8221;wn-padding-responsive&#8221;][vc_single_image image=&#8221;1592&#8243; img_size=&#8221;500PXX500PX&#8221; alignment=&#8221;center&#8221; css_animation=&#8221;left-to-right&#8221; enable_animation_pro=&#8221;true&#8221; vertical_movement=&#8221;50px&#8221;][\/vc_column][vc_column width=&#8221;6\/12&#8243; wn_class=&#8221;wn-column-5aa78d99db6be&#8221; css=&#8221;.vc_custom_1520930214604{margin-top: -65px !important;}&#8221;][vc_column_text css_animation=&#8221;appear&#8221; enable_animation_pro=&#8221;&#8221; css=&#8221;.vc_custom_1701256091428{background-color: #ffffff !important;background-position: center !important;background-repeat: no-repeat !important;background-size: contain !important;}&#8221;]La persona trabajadora aportar\u00e1 la siguiente documentaci\u00f3n:[\/vc_column_text][vc_column_text css_animation=&#8221;right-to-left&#8221; el_class=&#8221;mechani-home-text-with-icon&#8221; css=&#8221;.vc_custom_1701256461798{margin-right: 100px !important;}&#8221;] Fotocopia del DNI. N\u00famero de Seguridad Social. Justificante de inscripci\u00f3n como demandante de empleo\u00a0en el Servicio P\u00fablico de Empleo correspondiente. Vida laboral\u00a0(aconsejable), para comprobar que no ha tenido contrato indefinido en los 3 meses anteriores a la fecha de la contrataci\u00f3n y la empresa pueda bonificarse el 100%. Tambi\u00e9n es \u00fatil para confirmar que no ha estado contratado bajo la ocupaci\u00f3n que<\/p>\n","protected":false},"author":1,"featured_media":0,"parent":0,"menu_order":0,"comment_status":"closed","ping_status":"closed","template":"","meta":{"footnotes":""},"class_list":["post-36","page","type-page","status-publish","hentry"],"_links":{"self":[{"href":"https:\/\/youngsolutions.es\/index.php\/wp-json\/wp\/v2\/pages\/36","targetHints":{"allow":["GET"]}}],"collection":[{"href":"https:\/\/youngsolutions.es\/index.php\/wp-json\/wp\/v2\/pages"}],"about":[{"href":"https:\/\/youngsolutions.es\/index.php\/wp-json\/wp\/v2\/types\/page"}],"author":[{"embeddable":true,"href":"https:\/\/youngsolutions.es\/index.php\/wp-json\/wp\/v2\/users\/1"}],"replies":[{"embeddable":true,"href":"https:\/\/youngsolutions.es\/index.php\/wp-json\/wp\/v2\/comments?post=36"}],"version-history":[{"count":6,"href":"https:\/\/youngsolutions.es\/index.php\/wp-json\/wp\/v2\/pages\/36\/revisions"}],"predecessor-version":[{"id":1596,"href":"https:\/\/youngsolutions.es\/index.php\/wp-json\/wp\/v2\/pages\/36\/revisions\/1596"}],"wp:attachment":[{"href":"https:\/\/youngsolutions.es\/index.php\/wp-json\/wp\/v2\/media?parent=36"}],"curies":[{"name":"wp","href":"https:\/\/api.w.org\/{rel}","templated":true}]}}