{"id":375,"date":"2018-10-29T10:53:57","date_gmt":"2018-10-29T10:53:57","guid":{"rendered":"https:\/\/youngsolutions.es\/?page_id=375"},"modified":"2023-11-30T12:01:28","modified_gmt":"2023-11-30T11:01:28","slug":"trabaja-con-nosotros","status":"publish","type":"page","link":"https:\/\/youngsolutions.es\/index.php\/trabaja-con-nosotros\/","title":{"rendered":"Trabaja con nosotros"},"content":{"rendered":"<div class=\"wpb-content-wrapper\">[vc_section full_width=&#8221;yes&#8221; bg_position=&#8221;center top&#8221; wn_parallax=&#8221;content-moving&#8221; wn_class=&#8221;wn-section-5bd6e4a0da55f&#8221; css=&#8221;.vc_custom_1540810516601{background-image: url(https:\/\/youngsolutions.es\/wp-content\/uploads\/2018\/10\/1794-darken.jpg?id=377) !important;}&#8221;][vc_row row_dark=&#8221;yes&#8221; align_center=&#8221;aligncenter&#8221;][vc_column]<div class=\"wn-distance-40 wn-distance-mob-inherit\"><\/div>\n\t\t\t<div class=\"wn-deep-title-wrap   \"    data-id=\"1\">\n\t\t\t\t<div class=\"wn-deep-title\">\n\t\t\t\t\t<span class=\"wn-deep-title-shape after shape-coutn-0\"><\/span><h3 class=\"  wn-deep-innertitle\">TRABAJA CON NOSOTROS<\/h3><h1 class=\"  wn-deep-subtitle\">\u00a1No dudes en contactarnos!<\/h1>\n\t\t\t\t<\/div>\n\t\t\t<\/div><div class=\"wn-distance-100 wn-distance-mob-inherit\"><\/div>[vc_column_text css_animation=&#8221;bottom-to-top&#8221;]\n<h4 style=\"text-align: center; line-height: 1.5;\"><span style=\"color: #000000;\">Contamos con un equipo de <strong>personas din\u00e1micas<\/strong>, <strong>con iniciativa<\/strong> y ganas de trabajar <strong>con ilusi\u00f3n<\/strong>. Son el motor que gestiona la empresa de una forma innovadora y creativa. Profesionales competentes con diferentes habilidades, personalidades y formaci\u00f3n que reflejan la diversidad de los distintos puestos de trabajo que ofertamos.<\/span><\/h4>\n[\/vc_column_text]<div class=\"wn-distance-40 wn-distance-mob-inherit\"><\/div>[\/vc_column][\/vc_row][vc_row row_dark=&#8221;yes&#8221; layer_animation=&#8221;true&#8221; css=&#8221;.vc_custom_1485697207552{border-top-width: 1px !important;border-top-color: rgba(255,255,255,0.32) !important;border-top-style: solid !important;}&#8221;][vc_column width=&#8221;1\/2&#8243; css=&#8221;.vc_custom_1482742592851{padding-right: 0px !important;padding-left: 0px !important;}&#8221;]<article class=\"wn-icon-box icon-box-id-1 icon-box4 tlp    \"  ><i class=\"wn-icon-1 li_bulb  \"><\/i><h4 class=\"title-style\">INNOVACI\u00d3N<\/h4><p class=\"content-style\">Queremos estar siempre en movimiento para sorprender y cumplir las expectativas de nuestros clientes.<\/p><\/article>[\/vc_column][vc_column width=&#8221;1\/2&#8243; css=&#8221;.vc_custom_1482742659701{border-right-width: 1px !important;border-left-width: 1px !important;padding-right: 0px !important;padding-left: 0px !important;border-left-color: rgba(255,255,255,0.32) !important;border-left-style: solid !important;border-right-color: rgba(255,255,255,0.32) !important;border-right-style: solid !important;}&#8221;]<article class=\"wn-icon-box icon-box-id-2 icon-box4 tlp    \"  ><i class=\"wn-icon-2 li_bulb  \"><\/i><h4 class=\"title-style\">RESPETO<\/h4><p class=\"content-style\">Queremos estar siempre en movimiento para sorprender y cumplir las expectativas de nuestros clientes.<\/p><\/article>[\/vc_column][\/vc_row][\/vc_section][vc_row equal_height=&#8221;yes&#8221;][vc_column css_animation=&#8221;fadeInUpBig&#8221; wn_class=&#8221;wn-column-5bd6ed223adcb&#8221; css=&#8221;.vc_custom_1540812074462{padding-right: 8% !important;}&#8221;]<div class=\"wn-distance-50 wn-distance-mob-inherit\"><\/div>\n\t\t\t<div class=\"wn-deep-title-wrap   \"    data-id=\"2\">\n\t\t\t\t<div class=\"wn-deep-title\">\n\t\t\t\t\t<span class=\"wn-deep-title-shape after shape-coutn-0\"><\/span><span class=\"wn-deep-title-shape after shape-coutn-1\"><\/span><h4 class=\"  wn-deep-innertitle\">Rellena el<\/h4><h2 class=\"  wn-deep-subtitle\">FORMULARIO<\/h2>\n\t\t\t\t<\/div>\n\t\t\t<\/div><div class=\"wn-distance-50 wn-distance-mob-inherit\"><\/div>[vc_btn title=&#8221;\u00a1\u00a1ESCRIBEN\u00d3S Y TE CONTESTAREMOS CUANTO ANTES!!&#8221; shape=&#8221;square&#8221; color=&#8221;black&#8221; i_icon_fontawesome=&#8221;far fa-envelope&#8221; add_icon=&#8221;true&#8221; link=&#8221;url:https%3A%2F%2Fyoungsolutions.es%2Findex.php%2Fcontacto%2F|title:Contacto&#8221;][\/vc_column][\/vc_row][vc_row][vc_column][vc_message css_animation=&#8221;fadeInDownBig&#8221;]Young Solutions\u00a0te informa que los datos de car\u00e1cter personal que nos proporciones rellenando el presente formulario ser\u00e1n tratados por Young Solutions,\u00a0S.L.\u00a0como responsable de esta web. La finalidad de la recogida y tratamiento de los datos personales que te solicitamos es para poder responder a la mayor brevedad posible tus preguntas, enviarte nuestras publicaciones, promociones de productos y\/o servicios y recursos exclusivos. La legitimaci\u00f3n se realiza a trav\u00e9s del consentimiento del interesado. Te informamos que los datos que nos facilitas estar\u00e1n ubicados en nuestros servidores. El hecho de que no introduzcas los datos de car\u00e1cter personal que aparecen en el formulario como obligatorios podr\u00e1 tener como consecuencia que no se pueda atender tu solicitud. Podr\u00e1s ejercer tus derechos de acceso, rectificaci\u00f3n, limitaci\u00f3n y suprimir los datos en\u00a0<a href=\"mailto:info@youngsolutions.es\">info@youngsolutions.es<\/a>\u00a0as\u00ed como el derecho a presentar una reclamaci\u00f3n ante una autoridad de control. Puedes consultar la informaci\u00f3n adicional y detallada sobre Protecci\u00f3n de Datos en nuestra\u00a0<a href=\"https:\/\/youngsolutions.es\/politica-de-privacidad\/\">Pol\u00edtica de Privacidad<\/a>.[\/vc_message][\/vc_column][\/vc_row]\n<\/div>","protected":false},"excerpt":{"rendered":"<p>[vc_section full_width=&#8221;yes&#8221; bg_position=&#8221;center top&#8221; wn_parallax=&#8221;content-moving&#8221; wn_class=&#8221;wn-section-5bd6e4a0da55f&#8221; css=&#8221;.vc_custom_1540810516601{background-image: url(https:\/\/youngsolutions.es\/wp-content\/uploads\/2018\/10\/1794-darken.jpg?id=377) !important;}&#8221;][vc_row row_dark=&#8221;yes&#8221; align_center=&#8221;aligncenter&#8221;][vc_column][vc_column_text css_animation=&#8221;bottom-to-top&#8221;] Contamos con un equipo de personas din\u00e1micas, con iniciativa y ganas de trabajar con ilusi\u00f3n. Son el motor que gestiona la empresa de una forma innovadora y creativa. Profesionales competentes con diferentes habilidades, personalidades y formaci\u00f3n que reflejan la diversidad de los distintos puestos de trabajo que ofertamos. [\/vc_column_text][\/vc_column][\/vc_row][vc_row row_dark=&#8221;yes&#8221; layer_animation=&#8221;true&#8221; css=&#8221;.vc_custom_1485697207552{border-top-width: 1px !important;border-top-color: rgba(255,255,255,0.32) !important;border-top-style: solid !important;}&#8221;][vc_column width=&#8221;1\/2&#8243; css=&#8221;.vc_custom_1482742592851{padding-right: 0px !important;padding-left: 0px !important;}&#8221;][\/vc_column][vc_column width=&#8221;1\/2&#8243; css=&#8221;.vc_custom_1482742659701{border-right-width: 1px !important;border-left-width: 1px !important;padding-right: 0px !important;padding-left: 0px !important;border-left-color: rgba(255,255,255,0.32) !important;border-left-style: solid !important;border-right-color: rgba(255,255,255,0.32) !important;border-right-style: solid !important;}&#8221;][\/vc_column][\/vc_row][\/vc_section][vc_row equal_height=&#8221;yes&#8221;][vc_column css_animation=&#8221;fadeInUpBig&#8221; wn_class=&#8221;wn-column-5bd6ed223adcb&#8221; css=&#8221;.vc_custom_1540812074462{padding-right: 8% !important;}&#8221;][vc_btn title=&#8221;\u00a1\u00a1ESCRIBEN\u00d3S Y TE CONTESTAREMOS CUANTO ANTES!!&#8221; shape=&#8221;square&#8221; color=&#8221;black&#8221; i_icon_fontawesome=&#8221;far fa-envelope&#8221; add_icon=&#8221;true&#8221; link=&#8221;url:https%3A%2F%2Fyoungsolutions.es%2Findex.php%2Fcontacto%2F|title:Contacto&#8221;][\/vc_column][\/vc_row][vc_row][vc_column][vc_message css_animation=&#8221;fadeInDownBig&#8221;]Young Solutions\u00a0te informa que los datos de car\u00e1cter personal que nos proporciones rellenando el presente formulario ser\u00e1n tratados por Young Solutions,\u00a0S.L.\u00a0como responsable de esta web. La finalidad de la recogida y tratamiento de los datos personales que te solicitamos es para poder responder a la mayor brevedad posible tus preguntas, enviarte nuestras publicaciones, promociones de productos y\/o servicios y recursos exclusivos. La legitimaci\u00f3n se realiza a trav\u00e9s del consentimiento del interesado. Te informamos que los datos que nos facilitas estar\u00e1n ubicados en nuestros servidores. El hecho de que no introduzcas los datos de car\u00e1cter personal que aparecen en el formulario como obligatorios podr\u00e1 tener como consecuencia que no se pueda atender tu solicitud. Podr\u00e1s ejercer tus derechos de acceso, rectificaci\u00f3n, limitaci\u00f3n y suprimir los datos en\u00a0info@youngsolutions.es\u00a0as\u00ed como el derecho a presentar una reclamaci\u00f3n ante una autoridad de control. Puedes consultar la informaci\u00f3n adicional y detallada sobre Protecci\u00f3n de Datos en nuestra\u00a0Pol\u00edtica de Privacidad.[\/vc_message][\/vc_column][\/vc_row]<\/p>\n","protected":false},"author":1,"featured_media":0,"parent":0,"menu_order":0,"comment_status":"closed","ping_status":"closed","template":"","meta":{"footnotes":""},"class_list":["post-375","page","type-page","status-publish","hentry"],"_links":{"self":[{"href":"https:\/\/youngsolutions.es\/index.php\/wp-json\/wp\/v2\/pages\/375","targetHints":{"allow":["GET"]}}],"collection":[{"href":"https:\/\/youngsolutions.es\/index.php\/wp-json\/wp\/v2\/pages"}],"about":[{"href":"https:\/\/youngsolutions.es\/index.php\/wp-json\/wp\/v2\/types\/page"}],"author":[{"embeddable":true,"href":"https:\/\/youngsolutions.es\/index.php\/wp-json\/wp\/v2\/users\/1"}],"replies":[{"embeddable":true,"href":"https:\/\/youngsolutions.es\/index.php\/wp-json\/wp\/v2\/comments?post=375"}],"version-history":[{"count":7,"href":"https:\/\/youngsolutions.es\/index.php\/wp-json\/wp\/v2\/pages\/375\/revisions"}],"predecessor-version":[{"id":1653,"href":"https:\/\/youngsolutions.es\/index.php\/wp-json\/wp\/v2\/pages\/375\/revisions\/1653"}],"wp:attachment":[{"href":"https:\/\/youngsolutions.es\/index.php\/wp-json\/wp\/v2\/media?parent=375"}],"curies":[{"name":"wp","href":"https:\/\/api.w.org\/{rel}","templated":true}]}}