{"id":38,"date":"2018-08-03T12:10:19","date_gmt":"2018-08-03T12:10:19","guid":{"rendered":"http:\/\/youngsolutions.es\/?page_id=38"},"modified":"2023-11-30T12:32:06","modified_gmt":"2023-11-30T11:32:06","slug":"formacion","status":"publish","type":"page","link":"https:\/\/youngsolutions.es\/index.php\/formacion\/","title":{"rendered":"Formaci\u00f3n"},"content":{"rendered":"<div class=\"wpb-content-wrapper\">[vc_section wn_class=&#8221;wn-section-5a786548af83f&#8221;][vc_row wn_class=&#8221;wn-row-5a786548aecfb&#8221;][vc_column width=&#8221;5\/12&#8243; wn_class=&#8221;wn-column-5a786548aea28&#8243; css=&#8221;.vc_custom_1581429766607{margin-top: -1px !important;margin-left: -70px !important;}&#8221;][vc_single_image image=&#8221;1654&#8243; img_size=&#8221;600X600&#8243; css_animation=&#8221;slideInUp&#8221; css=&#8221;.vc_custom_1701342358668{padding-top: -300px !important;}&#8221;][\/vc_column][vc_column width=&#8221;7\/12&#8243; wn_class=&#8221;wn-column-5a786548aea28&#8243;]<div class=\"wn-distance-40 wn-distance-mob-30\"><\/div>\n\t\t\t<div class=\"wn-deep-title-wrap   \"    data-id=\"1\">\n\t\t\t\t<div class=\"wn-deep-title\">\n\t\t\t\t\t<span class=\"wn-deep-title-shape after shape-coutn-0\"><\/span><h3 class=\"  wn-deep-innertitle\">LA FORMACI\u00d3N<\/h3><h6 class=\"  wn-deep-subtitle\">EN EL CONTRATO DE FORMACI\u00d3N Y APRENDIZAJE<\/h6>\n\t\t\t\t<\/div>\n\t\t\t<\/div><div class=\"wn-distance-20 wn-distance-mob-30\"><\/div>[vc_column_text css_animation=&#8221;slideInUp&#8221; el_class=&#8221;insurance-content-p&#8221;]\n<p style=\"text-align: justify;\">La formaci\u00f3n es una parte primordial en el contrato para la formaci\u00f3n y el aprendizaje y\u00a0 para su futuro laboral,<\/p>\n<p style=\"text-align: justify;\">El alumno trabaja al tiempo que obtiene una formaci\u00f3n que lo conduce a un Certificado de Profesionalidad que acredite su cualificaci\u00f3n profesional.<\/p>\n<p style=\"text-align: justify;\">Formaci\u00f3n de alta calidad, flexible y acreditada por el SEPE.<\/p>\n[\/vc_column_text]<div class=\"wn-distance-50 wn-distance-mob-30\"><\/div>[\/vc_column][\/vc_row][vc_row wn_class=&#8221;wn-row-5a786548aecfb&#8221;][vc_column width=&#8221;1\/2&#8243; wn_class=&#8221;wn-column-5a786548aea28&#8243;]<div class=\"wn-distance-20 wn-distance-mob-30\"><\/div>[vc_separator style=&#8221;shadow&#8221;]<div class=\"wn-distance-20 wn-distance-mob-30\"><\/div><div class=\"wn-distance-20 wn-distance-mob-30\"><\/div>\n\t\t\t<div class=\"wn-deep-title-wrap   \"    data-id=\"2\">\n\t\t\t\t<div class=\"wn-deep-title\">\n\t\t\t\t\t<span class=\"wn-deep-title-shape after shape-coutn-0\"><\/span><h3 class=\"  wn-deep-innertitle\">YOUNG SOLUTIONS<\/h3><h3 class=\"  wn-deep-subtitle\">Centro Formativo<\/h3>\n\t\t\t\t<\/div>\n\t\t\t<\/div><div class=\"wn-distance-30 wn-distance-mob-30\"><\/div>[vc_column_text css_animation=&#8221;right-to-left&#8221; el_class=&#8221;insurance-content-p&#8221;]\n<p style=\"text-align: justify;\"><strong>NUESTRO SISTEMA:<\/strong><\/p>\n<ol>\n<li style=\"text-align: justify;\">Realizaci\u00f3n de todos los tr\u00e1mites necesarios para la realizaci\u00f3n del contrato.<\/li>\n<li style=\"text-align: justify;\">Young Solutions elabora una planificaci\u00f3n personalizada de la formaci\u00f3n para cada alumno-trabajador en funci\u00f3n de las caracter\u00edsticas del contrato y de la empresa.<\/li>\n<li style=\"text-align: justify;\">El alumno-trabajador realiza la formaci\u00f3n online a trav\u00e9s de una de nuestras plataformas.<\/li>\n<li style=\"text-align: justify;\">Durante todo el proceso contar\u00e1 con el apoyo de nuestros tutores expertos.<\/li>\n<li style=\"text-align: justify;\">Nuestro departamento de seguimiento llevar\u00e1 un control exhaustivo del trabajo te\u00f3rico de cada alumno e informar\u00e1 a la empresa<\/li>\n<li style=\"text-align: justify;\">Deber\u00e1 asistir a las tutor\u00edas y ex\u00e1menes presenciales de cada m\u00f3dulo.<\/li>\n<li style=\"text-align: justify;\">Una vez finalizada la formaci\u00f3n, Young Solutions se encarga de la solicitud y tramitaci\u00f3n del Certificado de Profesionalidad de cada alumno.<\/li>\n<\/ol>\n<p style=\"text-align: justify;\"><strong>CONTRATOS DE FORMACION EN ALTERNANCIA:<\/strong><br \/>\nEl <a href=\"https:\/\/youngsolutions.es\/index.php\/contratos-de-formacion\/\"><span style=\"color: #0075b5;\">contrato de formaci\u00f3n en alternancia<\/span><\/a> permite al alumno-trabajador formarse a la vez que aprende un trabajo de manera practica y te\u00f3rica.<br \/>\n<strong>Somos un centro de formaci\u00f3n\u00a0<\/strong><b>l\u00edder en el sector.<\/b><\/p>\n[\/vc_column_text]<div class=\"wn-distance-30 wn-distance-mob-30\"><\/div>[\/vc_column][vc_column width=&#8221;1\/2&#8243;]<div class=\"wn-distance-20 wn-distance-mob-30\"><\/div>[vc_separator style=&#8221;shadow&#8221;]<div class=\"wn-distance-20 wn-distance-mob-30\"><\/div><div class=\"wn-distance-20 wn-distance-mob-30\"><\/div>[vc_single_image image=&#8221;1658&#8243; img_size=&#8221;700&#215;700&#8243; alignment=&#8221;right&#8221; onclick=&#8221;link_image&#8221; css_animation=&#8221;right-to-left&#8221;][\/vc_column][\/vc_row][\/vc_section]\n<\/div>","protected":false},"excerpt":{"rendered":"<p>[vc_section wn_class=&#8221;wn-section-5a786548af83f&#8221;][vc_row wn_class=&#8221;wn-row-5a786548aecfb&#8221;][vc_column width=&#8221;5\/12&#8243; wn_class=&#8221;wn-column-5a786548aea28&#8243; css=&#8221;.vc_custom_1581429766607{margin-top: -1px !important;margin-left: -70px !important;}&#8221;][vc_single_image image=&#8221;1654&#8243; img_size=&#8221;600X600&#8243; css_animation=&#8221;slideInUp&#8221; css=&#8221;.vc_custom_1701342358668{padding-top: -300px !important;}&#8221;][\/vc_column][vc_column width=&#8221;7\/12&#8243; wn_class=&#8221;wn-column-5a786548aea28&#8243;][vc_column_text css_animation=&#8221;slideInUp&#8221; el_class=&#8221;insurance-content-p&#8221;] La formaci\u00f3n es una parte primordial en el contrato para la formaci\u00f3n y el aprendizaje y\u00a0 para su futuro laboral, El alumno trabaja al tiempo que obtiene una formaci\u00f3n que lo conduce a un Certificado de Profesionalidad que acredite su cualificaci\u00f3n profesional. Formaci\u00f3n de alta calidad, flexible y acreditada por el SEPE. [\/vc_column_text][\/vc_column][\/vc_row][vc_row wn_class=&#8221;wn-row-5a786548aecfb&#8221;][vc_column width=&#8221;1\/2&#8243; wn_class=&#8221;wn-column-5a786548aea28&#8243;][vc_separator style=&#8221;shadow&#8221;][vc_column_text css_animation=&#8221;right-to-left&#8221; el_class=&#8221;insurance-content-p&#8221;] NUESTRO SISTEMA: Realizaci\u00f3n de todos los tr\u00e1mites necesarios para la realizaci\u00f3n del contrato. Young Solutions elabora una planificaci\u00f3n personalizada de la formaci\u00f3n para cada alumno-trabajador en funci\u00f3n de las caracter\u00edsticas del contrato y de la empresa. El alumno-trabajador realiza la formaci\u00f3n online a trav\u00e9s de una de nuestras plataformas. Durante todo el proceso contar\u00e1 con el apoyo de nuestros tutores expertos. Nuestro departamento de seguimiento llevar\u00e1 un control exhaustivo del trabajo te\u00f3rico de cada alumno e informar\u00e1 a la empresa Deber\u00e1 asistir a las tutor\u00edas y ex\u00e1menes presenciales de cada m\u00f3dulo. Una vez finalizada la formaci\u00f3n, Young Solutions se encarga de la solicitud y tramitaci\u00f3n del Certificado de Profesionalidad de cada alumno. CONTRATOS DE FORMACION EN ALTERNANCIA: El contrato de formaci\u00f3n en alternancia permite al alumno-trabajador formarse a la vez que aprende un trabajo de manera practica y te\u00f3rica. Somos un centro de formaci\u00f3n\u00a0l\u00edder en el sector. [\/vc_column_text][\/vc_column][vc_column width=&#8221;1\/2&#8243;][vc_separator style=&#8221;shadow&#8221;][vc_single_image image=&#8221;1658&#8243; img_size=&#8221;700&#215;700&#8243; alignment=&#8221;right&#8221; onclick=&#8221;link_image&#8221; css_animation=&#8221;right-to-left&#8221;][\/vc_column][\/vc_row][\/vc_section]<\/p>\n","protected":false},"author":1,"featured_media":0,"parent":0,"menu_order":0,"comment_status":"closed","ping_status":"closed","template":"","meta":{"footnotes":""},"class_list":["post-38","page","type-page","status-publish","hentry"],"_links":{"self":[{"href":"https:\/\/youngsolutions.es\/index.php\/wp-json\/wp\/v2\/pages\/38","targetHints":{"allow":["GET"]}}],"collection":[{"href":"https:\/\/youngsolutions.es\/index.php\/wp-json\/wp\/v2\/pages"}],"about":[{"href":"https:\/\/youngsolutions.es\/index.php\/wp-json\/wp\/v2\/types\/page"}],"author":[{"embeddable":true,"href":"https:\/\/youngsolutions.es\/index.php\/wp-json\/wp\/v2\/users\/1"}],"replies":[{"embeddable":true,"href":"https:\/\/youngsolutions.es\/index.php\/wp-json\/wp\/v2\/comments?post=38"}],"version-history":[{"count":6,"href":"https:\/\/youngsolutions.es\/index.php\/wp-json\/wp\/v2\/pages\/38\/revisions"}],"predecessor-version":[{"id":1659,"href":"https:\/\/youngsolutions.es\/index.php\/wp-json\/wp\/v2\/pages\/38\/revisions\/1659"}],"wp:attachment":[{"href":"https:\/\/youngsolutions.es\/index.php\/wp-json\/wp\/v2\/media?parent=38"}],"curies":[{"name":"wp","href":"https:\/\/api.w.org\/{rel}","templated":true}]}}