{"id":51,"date":"2018-08-03T12:13:59","date_gmt":"2018-08-03T12:13:59","guid":{"rendered":"http:\/\/youngsolutions.es\/?page_id=51"},"modified":"2024-11-27T12:14:48","modified_gmt":"2024-11-27T11:14:48","slug":"contacto","status":"publish","type":"page","link":"https:\/\/youngsolutions.es\/index.php\/contacto\/","title":{"rendered":"Contacto"},"content":{"rendered":"<div class=\"wpb-content-wrapper\">[vc_row][vc_column][vc_empty_space][\/vc_column][\/vc_row][vc_row css_animation=&#8221;bounceIn&#8221; wn_class=&#8221;wn-row-5b1e3c566ff4f&#8221;][vc_column css_animation=&#8221;flipInX&#8221; width=&#8221;1\/4&#8243; wn_class=&#8221;wn-column-5b1e6511bde8a&#8221; css=&#8221;.vc_custom_1528718615813{padding-right: 8% !important;}&#8221;]\n\t\t\t<div class=\"wn-deep-title-wrap   \"    data-id=\"1\">\n\t\t\t\t<div class=\"wn-deep-title\">\n\t\t\t\t\t<span class=\"wn-deep-title-shape after shape-coutn-0\"><\/span><span class=\"wn-deep-title-shape after shape-coutn-1\"><\/span><h3 class=\"  wn-deep-innertitle\">DONDE<\/h3><h4 class=\"  wn-deep-subtitle\">ESTAMOS<\/h4>\n\t\t\t\t<\/div>\n\t\t\t<\/div><div class=\"wn-distance-40 wn-distance-mob-30\"><\/div>\n<div class=\"wpcf7 no-js\" id=\"wpcf7-f1392-o1\" lang=\"es-ES\" dir=\"ltr\" data-wpcf7-id=\"1392\">\n<div class=\"screen-reader-response\"><p role=\"status\" aria-live=\"polite\" aria-atomic=\"true\"><\/p> <ul><\/ul><\/div>\n<form action=\"\/index.php\/wp-json\/wp\/v2\/pages\/51#wpcf7-f1392-o1\" method=\"post\" class=\"wpcf7-form init\" aria-label=\"Formulario de contacto\" novalidate=\"novalidate\" data-status=\"init\">\n<fieldset class=\"hidden-fields-container\"><input type=\"hidden\" name=\"_wpcf7\" value=\"1392\" \/><input type=\"hidden\" name=\"_wpcf7_version\" value=\"6.1.5\" \/><input type=\"hidden\" name=\"_wpcf7_locale\" value=\"es_ES\" \/><input type=\"hidden\" name=\"_wpcf7_unit_tag\" value=\"wpcf7-f1392-o1\" \/><input type=\"hidden\" name=\"_wpcf7_container_post\" value=\"0\" \/><input type=\"hidden\" name=\"_wpcf7_posted_data_hash\" value=\"\" \/><input type=\"hidden\" name=\"_wpcf7_recaptcha_response\" value=\"\" \/>\n<\/fieldset>\n<p>Nombre y Apellidos (Obligatorio)\n<\/p>\n<p><span class=\"wpcf7-form-control-wrap\" data-name=\"your-name\"><input size=\"40\" maxlength=\"400\" class=\"wpcf7-form-control wpcf7-text wpcf7-validates-as-required\" aria-required=\"true\" aria-invalid=\"false\" value=\"\" type=\"text\" name=\"your-name\" \/><\/span>\n<\/p>\n<p>Tel\u00e9fono (Obligatorio)\n<\/p>\n<p><span class=\"wpcf7-form-control-wrap\" data-name=\"tel-114\"><input size=\"40\" maxlength=\"400\" class=\"wpcf7-form-control wpcf7-tel wpcf7-validates-as-required wpcf7-text wpcf7-validates-as-tel\" aria-required=\"true\" aria-invalid=\"false\" value=\"\" type=\"tel\" name=\"tel-114\" \/><\/span>\n<\/p>\n<p>Email (Obligatorio)\n<\/p>\n<p><span class=\"wpcf7-form-control-wrap\" data-name=\"your-email\"><input size=\"40\" maxlength=\"400\" class=\"wpcf7-form-control wpcf7-email wpcf7-validates-as-required wpcf7-text wpcf7-validates-as-email\" aria-required=\"true\" aria-invalid=\"false\" value=\"\" type=\"email\" name=\"your-email\" \/><\/span>\n<\/p>\n<p> CIF\/DNI\n<\/p>\n<p><span class=\"wpcf7-form-control-wrap\" data-name=\"CIFEMPRESA-998\"><input size=\"40\" maxlength=\"400\" class=\"wpcf7-form-control wpcf7-text\" aria-invalid=\"false\" value=\"\" type=\"text\" name=\"CIFEMPRESA-998\" \/><\/span>\n<\/p>\n<p>Asunto\n<\/p>\n<p><span class=\"wpcf7-form-control-wrap\" data-name=\"your-subject\"><input size=\"40\" maxlength=\"400\" class=\"wpcf7-form-control wpcf7-text\" aria-invalid=\"false\" value=\"\" type=\"text\" name=\"your-subject\" \/><\/span>\n<\/p>\n<p>Su Mensaje\n<\/p>\n<p><span class=\"wpcf7-form-control-wrap\" data-name=\"your-message\"><textarea cols=\"40\" rows=\"10\" maxlength=\"2000\" class=\"wpcf7-form-control wpcf7-textarea\" aria-invalid=\"false\" name=\"your-message\"><\/textarea><\/span>\n<\/p>\n<p><input class=\"wpcf7-form-control wpcf7-submit has-spinner\" type=\"submit\" value=\"Enviar\" \/><span class=\"wpcf7-form-control-wrap\" data-name=\"acceptance-129\"><span class=\"wpcf7-form-control wpcf7-acceptance\"><span class=\"wpcf7-list-item\"><input type=\"checkbox\" name=\"acceptance-129\" value=\"1\" aria-invalid=\"false\" \/><\/span><\/span><\/span><a href=\"https:\/\/youngsolutions.es\/index.php\/politica-de-privacidad\/\"><strong> Acepto Pol\u00edtica de Privacidad<\/strong><\/a>\n<\/p>\n<p style=\"display: none !important;\" class=\"akismet-fields-container\" data-prefix=\"_wpcf7_ak_\"><label>&#916;<textarea name=\"_wpcf7_ak_hp_textarea\" cols=\"45\" rows=\"8\" maxlength=\"100\"><\/textarea><\/label><input type=\"hidden\" id=\"ak_js_1\" name=\"_wpcf7_ak_js\" value=\"194\"\/><script>document.getElementById( \"ak_js_1\" ).setAttribute( \"value\", ( new Date() ).getTime() );<\/script><\/p><div class=\"wpcf7-response-output\" aria-hidden=\"true\"><\/div>\n<\/form>\n<\/div>\n[\/vc_column][vc_column css_animation=&#8221;fadeInRight&#8221; width=&#8221;1\/2&#8243; wn_class=&#8221;wn-column-5b1e64f03474a&#8221; css=&#8221;.vc_custom_1528718581641{padding-right: 0px !important;}&#8221;][vc_gmaps link=&#8221;#E-8_JTNDaWZyYW1lJTIwc3JjJTNEJTIyaHR0cHMlM0ElMkYlMkZ3d3cuZ29vZ2xlLmNvbSUyRm1hcHMlMkZlbWJlZCUzRnBiJTNEJTIxMW0xOCUyMTFtMTIlMjExbTMlMjExZDMwMzcuMTc0MzU1NDI2MjAyNSUyMTJkLTMuNzE3NTU3NTg0MjczNDk5NiUyMTNkNDAuNDI3MTM3OTc5MzYzODYlMjEybTMlMjExZjAlMjEyZjAlMjEzZjAlMjEzbTIlMjExaTEwMjQlMjEyaTc2OCUyMTRmMTMuMSUyMTNtMyUyMTFtMiUyMTFzMHhkNDIyODZmMjhhYmRhZjklMjUzQTB4YjRhNzM3OWJmMjViZGUxZiUyMTJzQ2FsbGUlMkJFdmFyaXN0byUyQlNhbiUyQk1pZ3VlbCUyNTJDJTJCOCUyNTJDJTJCMjgwMDglMkJNYWRyaWQlMjE1ZTAlMjEzbTIlMjExc2VzJTIxMnNlcyUyMTR2MTU0NjYwOTQzNTcwOSUyMiUyMHdpZHRoJTNEJTIyNjAwJTIyJTIwaGVpZ2h0JTNEJTIyNTUwJTIyJTIwZnJhbWVib3JkZXIlM0QlMjIwJTIyJTIwc3R5bGUlM0QlMjJib3JkZXIlM0EwJTIyJTIwYWxsb3dmdWxsc2NyZWVuJTNFJTNDJTJGaWZyYW1lJTNF&#8221; css_animation=&#8221;bounceInDown&#8221;][\/vc_column][vc_column css_animation=&#8221;bounceInUp&#8221; width=&#8221;1\/4&#8243; wn_class=&#8221;wn-column-5b1e2ad68c86f&#8221; css=&#8221;.vc_custom_1533547338321{padding-left: 35px !important;background-color: #0075b5 !important;}&#8221; el_class=&#8221;colorb&#8221;]<div class=\"wn-distance-50 wn-distance-mob-10\"><\/div><article class=\"wn-icon-box icon-box-id-1 icon-box5 tlp    \"  ><i class=\"wn-icon-1 icon-basic-tablet  \"><\/i><h4 class=\"title-style\">TEL\u00c9FONO<\/h4><p class=\"content-style\">919550650<br \/>\n601532829<\/p><\/article><div class=\"wn-distance-50 wn-distance-mob-10\"><\/div><article class=\"wn-icon-box icon-box-id-2 icon-box5 tlp    \"  ><i class=\"wn-icon-2 icon-basic-mail-open-text  \"><\/i><h4 class=\"title-style\">EMAILS<\/h4><p class=\"content-style\">info@youngsolutions.es<br \/>\ncertificados@youngsolutions.es<\/p><\/article><div class=\"wn-distance-50 wn-distance-mob-10\"><\/div><article class=\"wn-icon-box icon-box-id-3 icon-box5 tlp    \"  ><i class=\"wn-icon-3 icon-basic-geolocalize-01  \"><\/i><h4 class=\"title-style\">DIRECCI\u00d3N<\/h4><p class=\"content-style\">C\/ Evaristo San Miguel, 8, 4\u00aa P<br \/>\n28008 - Madrid<\/p><\/article><div class=\"wn-distance-50 wn-distance-mob-10\"><\/div><div class=\"wn-distance-50 wn-distance-mob-10\"><\/div>[\/vc_column][\/vc_row][vc_row][vc_column][vc_separator][vc_message message_box_color=&#8221;sky&#8221; css_animation=&#8221;slideInDown&#8221;]Young Solutions\u00a0te informa que los datos de car\u00e1cter personal que nos proporciones rellenando el presente formulario ser\u00e1n tratados por Young Solutions,\u00a0S.L.\u00a0como responsable de esta web. La finalidad de la recogida y tratamiento de los datos personales que te solicitamos es para poder responder a la mayor brevedad posible tus preguntas, enviarte nuestras publicaciones, promociones de productos y\/o servicios y recursos exclusivos. La legitimaci\u00f3n se realiza a trav\u00e9s del consentimiento del interesado. Te informamos que los datos que nos facilitas estar\u00e1n ubicados en nuestros servidores. El hecho de que no introduzcas los datos de car\u00e1cter personal que aparecen en el formulario como obligatorios podr\u00e1 tener como consecuencia que no se pueda atender tu solicitud. Podr\u00e1s ejercer tus derechos de acceso, rectificaci\u00f3n, limitaci\u00f3n y suprimir los datos en\u00a0<a href=\"mailto:info@youngsolutions.es\">info@youngsolutions.es<\/a>\u00a0as\u00ed como el derecho a presentar una reclamaci\u00f3n ante una autoridad de control. Puedes consultar la informaci\u00f3n adicional y detallada sobre Protecci\u00f3n de Datos en nuestra\u00a0<a href=\"http:\/\/youngsolutions.es\/politica-de-privacidad\/\">Pol\u00edtica de Privacidad<\/a>.[\/vc_message][\/vc_column][\/vc_row]\n<\/div>","protected":false},"excerpt":{"rendered":"<p>[vc_row][vc_column][vc_empty_space][\/vc_column][\/vc_row][vc_row css_animation=&#8221;bounceIn&#8221; wn_class=&#8221;wn-row-5b1e3c566ff4f&#8221;][vc_column css_animation=&#8221;flipInX&#8221; width=&#8221;1\/4&#8243; wn_class=&#8221;wn-column-5b1e6511bde8a&#8221; css=&#8221;.vc_custom_1528718615813{padding-right: 8% !important;}&#8221;][\/vc_column][vc_column css_animation=&#8221;fadeInRight&#8221; width=&#8221;1\/2&#8243; wn_class=&#8221;wn-column-5b1e64f03474a&#8221; css=&#8221;.vc_custom_1528718581641{padding-right: 0px !important;}&#8221;][vc_gmaps link=&#8221;#E-8_JTNDaWZyYW1lJTIwc3JjJTNEJTIyaHR0cHMlM0ElMkYlMkZ3d3cuZ29vZ2xlLmNvbSUyRm1hcHMlMkZlbWJlZCUzRnBiJTNEJTIxMW0xOCUyMTFtMTIlMjExbTMlMjExZDMwMzcuMTc0MzU1NDI2MjAyNSUyMTJkLTMuNzE3NTU3NTg0MjczNDk5NiUyMTNkNDAuNDI3MTM3OTc5MzYzODYlMjEybTMlMjExZjAlMjEyZjAlMjEzZjAlMjEzbTIlMjExaTEwMjQlMjEyaTc2OCUyMTRmMTMuMSUyMTNtMyUyMTFtMiUyMTFzMHhkNDIyODZmMjhhYmRhZjklMjUzQTB4YjRhNzM3OWJmMjViZGUxZiUyMTJzQ2FsbGUlMkJFdmFyaXN0byUyQlNhbiUyQk1pZ3VlbCUyNTJDJTJCOCUyNTJDJTJCMjgwMDglMkJNYWRyaWQlMjE1ZTAlMjEzbTIlMjExc2VzJTIxMnNlcyUyMTR2MTU0NjYwOTQzNTcwOSUyMiUyMHdpZHRoJTNEJTIyNjAwJTIyJTIwaGVpZ2h0JTNEJTIyNTUwJTIyJTIwZnJhbWVib3JkZXIlM0QlMjIwJTIyJTIwc3R5bGUlM0QlMjJib3JkZXIlM0EwJTIyJTIwYWxsb3dmdWxsc2NyZWVuJTNFJTNDJTJGaWZyYW1lJTNF&#8221; css_animation=&#8221;bounceInDown&#8221;][\/vc_column][vc_column css_animation=&#8221;bounceInUp&#8221; width=&#8221;1\/4&#8243; wn_class=&#8221;wn-column-5b1e2ad68c86f&#8221; css=&#8221;.vc_custom_1533547338321{padding-left: 35px !important;background-color: #0075b5 !important;}&#8221; el_class=&#8221;colorb&#8221;][\/vc_column][\/vc_row][vc_row][vc_column][vc_separator][vc_message message_box_color=&#8221;sky&#8221; css_animation=&#8221;slideInDown&#8221;]Young Solutions\u00a0te informa que los datos de car\u00e1cter personal que nos proporciones rellenando el presente formulario ser\u00e1n tratados por Young Solutions,\u00a0S.L.\u00a0como responsable de esta web. La finalidad de la recogida y tratamiento de los datos personales que te solicitamos es para poder responder a la mayor brevedad posible tus preguntas, enviarte nuestras publicaciones, promociones de productos y\/o servicios y recursos exclusivos. La legitimaci\u00f3n se realiza a trav\u00e9s del consentimiento del interesado. Te informamos que los datos que nos facilitas estar\u00e1n ubicados en nuestros servidores. El hecho de que no introduzcas los datos de car\u00e1cter personal que aparecen en el formulario como obligatorios podr\u00e1 tener como consecuencia que no se pueda atender tu solicitud. Podr\u00e1s ejercer tus derechos de acceso, rectificaci\u00f3n, limitaci\u00f3n y suprimir los datos en\u00a0info@youngsolutions.es\u00a0as\u00ed como el derecho a presentar una reclamaci\u00f3n ante una autoridad de control. Puedes consultar la informaci\u00f3n adicional y detallada sobre Protecci\u00f3n de Datos en nuestra\u00a0Pol\u00edtica de Privacidad.[\/vc_message][\/vc_column][\/vc_row]<\/p>\n","protected":false},"author":1,"featured_media":0,"parent":0,"menu_order":0,"comment_status":"closed","ping_status":"closed","template":"","meta":{"footnotes":""},"class_list":["post-51","page","type-page","status-publish","hentry"],"_links":{"self":[{"href":"https:\/\/youngsolutions.es\/index.php\/wp-json\/wp\/v2\/pages\/51","targetHints":{"allow":["GET"]}}],"collection":[{"href":"https:\/\/youngsolutions.es\/index.php\/wp-json\/wp\/v2\/pages"}],"about":[{"href":"https:\/\/youngsolutions.es\/index.php\/wp-json\/wp\/v2\/types\/page"}],"author":[{"embeddable":true,"href":"https:\/\/youngsolutions.es\/index.php\/wp-json\/wp\/v2\/users\/1"}],"replies":[{"embeddable":true,"href":"https:\/\/youngsolutions.es\/index.php\/wp-json\/wp\/v2\/comments?post=51"}],"version-history":[{"count":8,"href":"https:\/\/youngsolutions.es\/index.php\/wp-json\/wp\/v2\/pages\/51\/revisions"}],"predecessor-version":[{"id":1755,"href":"https:\/\/youngsolutions.es\/index.php\/wp-json\/wp\/v2\/pages\/51\/revisions\/1755"}],"wp:attachment":[{"href":"https:\/\/youngsolutions.es\/index.php\/wp-json\/wp\/v2\/media?parent=51"}],"curies":[{"name":"wp","href":"https:\/\/api.w.org\/{rel}","templated":true}]}}